{"id":5,"date":"2018-10-12T14:37:59","date_gmt":"2018-10-12T14:37:59","guid":{"rendered":"https:\/\/robertomelloni.it\/?page_id=5"},"modified":"2025-02-09T14:33:10","modified_gmt":"2025-02-09T14:33:10","slug":"elementor-5","status":"publish","type":"page","link":"https:\/\/robertomelloni.it\/","title":{"rendered":"Dottore la Vedo in Ansia"},"content":{"rendered":"\t\t<div data-elementor-type=\"wp-post\" data-elementor-id=\"5\" class=\"elementor elementor-5\">\n\t\t\t\t\t\t<section class=\"elementor-section elementor-top-section elementor-element elementor-element-5a563c32 elementor-section-stretched elementor-section-boxed elementor-section-height-default elementor-section-height-default\" data-id=\"5a563c32\" data-element_type=\"section\" data-settings=\"{&quot;background_background&quot;:&quot;classic&quot;,&quot;stretch_section&quot;:&quot;section-stretched&quot;}\">\n\t\t\t\t\t\t<div class=\"elementor-container elementor-column-gap-default\">\n\t\t\t\t\t<div class=\"elementor-column elementor-col-100 elementor-top-column elementor-element elementor-element-4193d58\" data-id=\"4193d58\" data-element_type=\"column\">\n\t\t\t<div class=\"elementor-widget-wrap elementor-element-populated\">\n\t\t\t\t\t\t<div class=\"elementor-element elementor-element-2b0cf1ba elementor-widget elementor-widget-heading\" data-id=\"2b0cf1ba\" data-element_type=\"widget\" data-widget_type=\"heading.default\">\n\t\t\t\t<div class=\"elementor-widget-container\">\n\t\t\t\t\t<h2 class=\"elementor-heading-title elementor-size-xl\">DOTTORE, GUARISCO PERCHE\u0301 LA VEDO IN ANSIA<\/h2>\t\t\t\t<\/div>\n\t\t\t\t<\/div>\n\t\t\t\t<div class=\"elementor-element elementor-element-85498b0 elementor-widget elementor-widget-heading\" data-id=\"85498b0\" data-element_type=\"widget\" data-widget_type=\"heading.default\">\n\t\t\t\t<div class=\"elementor-widget-container\">\n\t\t\t\t\t<h2 class=\"elementor-heading-title elementor-size-default\">Le mie 60.000 ore\ndi fronte all'ansia nevrotica<\/h2>\t\t\t\t<\/div>\n\t\t\t\t<\/div>\n\t\t\t\t<div class=\"elementor-element elementor-element-3760d37 elementor-widget elementor-widget-video\" data-id=\"3760d37\" data-element_type=\"widget\" data-settings=\"{&quot;youtube_url&quot;:&quot;https:\\\/\\\/youtu.be\\\/O5nD_XPDVig?rel=0&quot;,&quot;modestbranding&quot;:&quot;yes&quot;,&quot;yt_privacy&quot;:&quot;yes&quot;,&quot;video_type&quot;:&quot;youtube&quot;,&quot;controls&quot;:&quot;yes&quot;}\" data-widget_type=\"video.default\">\n\t\t\t\t<div class=\"elementor-widget-container\">\n\t\t\t\t\t\t\t<div class=\"elementor-wrapper elementor-open-inline\">\n\t\t\t<div class=\"elementor-video\"><\/div>\t\t<\/div>\n\t\t\t\t\t\t<\/div>\n\t\t\t\t<\/div>\n\t\t\t\t<section class=\"elementor-section elementor-inner-section elementor-element elementor-element-10b5c1e elementor-section-boxed elementor-section-height-default elementor-section-height-default\" data-id=\"10b5c1e\" data-element_type=\"section\">\n\t\t\t\t\t\t<div class=\"elementor-container elementor-column-gap-default\">\n\t\t\t\t\t<div class=\"elementor-column elementor-col-50 elementor-inner-column elementor-element elementor-element-8b63aad\" data-id=\"8b63aad\" data-element_type=\"column\">\n\t\t\t<div class=\"elementor-widget-wrap elementor-element-populated\">\n\t\t\t\t\t\t<div class=\"elementor-element elementor-element-0ed57ec elementor-widget elementor-widget-image\" data-id=\"0ed57ec\" data-element_type=\"widget\" data-widget_type=\"image.default\">\n\t\t\t\t<div class=\"elementor-widget-container\">\n\t\t\t\t\t\t\t\t\t\t\t\t\t\t\t<img fetchpriority=\"high\" decoding=\"async\" width=\"236\" height=\"300\" src=\"https:\/\/robertomelloni.it\/wp-content\/uploads\/2018\/10\/BOOK3-236x300.png\" class=\"attachment-medium size-medium wp-image-30\" alt=\"\" srcset=\"https:\/\/robertomelloni.it\/wp-content\/uploads\/2018\/10\/BOOK3-236x300.png 236w, https:\/\/robertomelloni.it\/wp-content\/uploads\/2018\/10\/BOOK3.png 394w\" sizes=\"(max-width: 236px) 100vw, 236px\" \/>\t\t\t\t\t\t\t\t\t\t\t\t\t\t\t<\/div>\n\t\t\t\t<\/div>\n\t\t\t\t\t<\/div>\n\t\t<\/div>\n\t\t\t\t<div class=\"elementor-column elementor-col-50 elementor-inner-column elementor-element elementor-element-2f24116\" data-id=\"2f24116\" data-element_type=\"column\">\n\t\t\t<div class=\"elementor-widget-wrap elementor-element-populated\">\n\t\t\t\t\t\t<div class=\"elementor-element elementor-element-227a9764 elementor-widget elementor-widget-text-editor\" data-id=\"227a9764\" data-element_type=\"widget\" data-widget_type=\"text-editor.default\">\n\t\t\t\t<div class=\"elementor-widget-container\">\n\t\t\t\t\t\t\t\t\t<p class=\"p1\"><span class=\"s1\">Tutti soffrono d\u2019ansia uguale nessuno soffre d\u2019ansia? Il malessere psicologico pi\u00f9 diffuso \u00e8 oggi trascurato e resta ingombrante nella vita della persona che ne \u00e8 afflitta, come un fardello molto provante, accettato per lo pi\u00f9, poco conosciuto, poco oggetto di cure, molto verbalizzato. Ma cos\u2019\u00e8 l\u2019ansia nevrotica patologica? E\u2019 una paura lacerante, fuori luogo, che affligge certi aspetti della vita rispetto ai quali ogni prospettiva diviene negativa. Il lavoro, la salute, gli affetti? L\u2019ansia comanda comportamenti che diventano ripetitivi compulsivi, non sono pi\u00f9 scelti ma obbligati. <\/span><\/p>\t\t\t\t\t\t\t\t<\/div>\n\t\t\t\t<\/div>\n\t\t\t\t\t<\/div>\n\t\t<\/div>\n\t\t\t\t\t<\/div>\n\t\t<\/section>\n\t\t\t\t<div class=\"elementor-element elementor-element-6afb020 elementor-widget elementor-widget-text-editor\" data-id=\"6afb020\" data-element_type=\"widget\" data-widget_type=\"text-editor.default\">\n\t\t\t\t<div class=\"elementor-widget-container\">\n\t\t\t\t\t\t\t\t\t<h3>Testimonianza<\/h3><p>Gentile dott. Roberto\u00a0 Melloni,<\/p><p>\u00a0le sono molto grato del libro sull&#8217;ansia che ha voluto farmi avere\u00a0 e che ho letto con attenzione e con entusiasmo: ho scritto tanti libri sull&#8217;ansia ma il suo ne affronta tematiche e svolgimenti\u00a0 diversi, i pi\u00f9 estesi ad orizzonti tematici vicini e lontani. Sono capitoli che rivelano anche la sua grande cultura\u00a0 non solo psicologica e psicopatologica ma anche letteraria, artistica e filosofica. Non posso cos\u00ec non ringraziarla anche delle parole gentili che rivolge ai miei libri che non mi sembrano lontani dalla ispirazione che ha fatto nascere il suo: un bellissimo regalo che mi consente anche di conoscerla, di salutarla e di augurarle giornate serene di studio e di lavoro.<\/p><p><i>Eugenio Borgna<\/i><\/p>\t\t\t\t\t\t\t\t<\/div>\n\t\t\t\t<\/div>\n\t\t\t\t<div class=\"elementor-element elementor-element-bebba5b elementor-widget elementor-widget-image\" data-id=\"bebba5b\" data-element_type=\"widget\" data-widget_type=\"image.default\">\n\t\t\t\t<div class=\"elementor-widget-container\">\n\t\t\t\t\t\t\t\t\t\t\t\t\t\t\t<img decoding=\"async\" width=\"1024\" height=\"199\" src=\"https:\/\/robertomelloni.it\/wp-content\/uploads\/2019\/03\/CORRIERE-1024x199.jpg\" class=\"attachment-large size-large wp-image-77\" alt=\"\" srcset=\"https:\/\/robertomelloni.it\/wp-content\/uploads\/2019\/03\/CORRIERE-1024x199.jpg 1024w, https:\/\/robertomelloni.it\/wp-content\/uploads\/2019\/03\/CORRIERE-300x58.jpg 300w, https:\/\/robertomelloni.it\/wp-content\/uploads\/2019\/03\/CORRIERE-768x150.jpg 768w\" sizes=\"(max-width: 1024px) 100vw, 1024px\" \/>\t\t\t\t\t\t\t\t\t\t\t\t\t\t\t<\/div>\n\t\t\t\t<\/div>\n\t\t\t\t<section class=\"elementor-section elementor-inner-section elementor-element elementor-element-4087b3fb elementor-section-boxed elementor-section-height-default elementor-section-height-default\" data-id=\"4087b3fb\" data-element_type=\"section\">\n\t\t\t\t\t\t<div class=\"elementor-container elementor-column-gap-default\">\n\t\t\t\t\t<div class=\"elementor-column elementor-col-50 elementor-inner-column elementor-element elementor-element-26cbdd4e\" data-id=\"26cbdd4e\" data-element_type=\"column\">\n\t\t\t<div class=\"elementor-widget-wrap elementor-element-populated\">\n\t\t\t\t\t\t<div class=\"elementor-element elementor-element-4449b4e9 elementor-mobile-align-center elementor-align-right elementor-widget elementor-widget-button\" data-id=\"4449b4e9\" data-element_type=\"widget\" data-widget_type=\"button.default\">\n\t\t\t\t<div class=\"elementor-widget-container\">\n\t\t\t\t\t\t\t\t\t<div class=\"elementor-button-wrapper\">\n\t\t\t\t\t<a class=\"elementor-button elementor-button-link elementor-size-lg\" href=\"https:\/\/robertomelloni.it\/sinossi\/AnsiaNevrotica_Capitolo1.pdf\" target=\"_blank\" rel=\"nofollow\">\n\t\t\t\t\t\t<span class=\"elementor-button-content-wrapper\">\n\t\t\t\t\t\t\t\t\t<span class=\"elementor-button-text\"> Scarica il 1\u00b0 capitolo del libro<\/span>\n\t\t\t\t\t<\/span>\n\t\t\t\t\t<\/a>\n\t\t\t\t<\/div>\n\t\t\t\t\t\t\t\t<\/div>\n\t\t\t\t<\/div>\n\t\t\t\t\t<\/div>\n\t\t<\/div>\n\t\t\t\t<div class=\"elementor-column elementor-col-50 elementor-inner-column elementor-element elementor-element-af5b0ff\" data-id=\"af5b0ff\" data-element_type=\"column\">\n\t\t\t<div class=\"elementor-widget-wrap elementor-element-populated\">\n\t\t\t\t\t\t<div class=\"elementor-element elementor-element-0748b60 elementor-mobile-align-center elementor-widget elementor-widget-button\" data-id=\"0748b60\" data-element_type=\"widget\" data-widget_type=\"button.default\">\n\t\t\t\t<div class=\"elementor-widget-container\">\n\t\t\t\t\t\t\t\t\t<div class=\"elementor-button-wrapper\">\n\t\t\t\t\t<a class=\"elementor-button elementor-button-link elementor-size-lg\" href=\"mailto:info@robertomelloni.it\">\n\t\t\t\t\t\t<span class=\"elementor-button-content-wrapper\">\n\t\t\t\t\t\t\t\t\t<span class=\"elementor-button-text\">Contattami<\/span>\n\t\t\t\t\t<\/span>\n\t\t\t\t\t<\/a>\n\t\t\t\t<\/div>\n\t\t\t\t\t\t\t\t<\/div>\n\t\t\t\t<\/div>\n\t\t\t\t\t<\/div>\n\t\t<\/div>\n\t\t\t\t\t<\/div>\n\t\t<\/section>\n\t\t\t\t<section class=\"elementor-section elementor-inner-section elementor-element elementor-element-1afc26e elementor-section-boxed elementor-section-height-default elementor-section-height-default\" data-id=\"1afc26e\" data-element_type=\"section\">\n\t\t\t\t\t\t<div class=\"elementor-container elementor-column-gap-default\">\n\t\t\t\t\t<div class=\"elementor-column elementor-col-100 elementor-inner-column elementor-element elementor-element-5735311\" data-id=\"5735311\" data-element_type=\"column\">\n\t\t\t<div class=\"elementor-widget-wrap elementor-element-populated\">\n\t\t\t\t\t\t<div class=\"elementor-element elementor-element-0a4e259 elementor-align-center elementor-mobile-align-center elementor-widget elementor-widget-button\" data-id=\"0a4e259\" data-element_type=\"widget\" data-widget_type=\"button.default\">\n\t\t\t\t<div class=\"elementor-widget-container\">\n\t\t\t\t\t\t\t\t\t<div class=\"elementor-button-wrapper\">\n\t\t\t\t\t<a class=\"elementor-button elementor-button-link elementor-size-lg\" href=\"https:\/\/www.ledizioni.it\/prodotto\/r-melloni-dottore-guarisco-perche-la-vedo-in-ansia\/\">\n\t\t\t\t\t\t<span class=\"elementor-button-content-wrapper\">\n\t\t\t\t\t\t\t\t\t<span class=\"elementor-button-text\">Acquista il libro<\/span>\n\t\t\t\t\t<\/span>\n\t\t\t\t\t<\/a>\n\t\t\t\t<\/div>\n\t\t\t\t\t\t\t\t<\/div>\n\t\t\t\t<\/div>\n\t\t\t\t<div class=\"elementor-element elementor-element-e50b94a elementor-widget elementor-widget-text-editor\" data-id=\"e50b94a\" data-element_type=\"widget\" data-widget_type=\"text-editor.default\">\n\t\t\t\t<div class=\"elementor-widget-container\">\n\t\t\t\t\t\t\t\t\t<p><b>Euro 14,00<\/b>\u00a0<br \/><span style=\"font-size: 16.0016px;\">Inserisci il codice <br \/>\u201c<\/span><b style=\"font-size: 16.0016px;\">melloni2018<\/b><span style=\"font-size: 16.0016px;\">\u201d <br \/>sul sito\u00a0<\/span><a style=\"background-color: #7e5d3e; font-size: 16.0016px;\" href=\"http:\/\/www.ledizioni.it\/\">ledizioni.it<\/a><span style=\"font-size: 16.0016px;\">\u00a0per ottenere il 15% di sconto e spese di spedizione gratuite<\/span><\/p>\t\t\t\t\t\t\t\t<\/div>\n\t\t\t\t<\/div>\n\t\t\t\t\t<\/div>\n\t\t<\/div>\n\t\t\t\t\t<\/div>\n\t\t<\/section>\n\t\t\t\t\t<\/div>\n\t\t<\/div>\n\t\t\t\t\t<\/div>\n\t\t<\/section>\n\t\t\t\t<section class=\"elementor-section elementor-top-section elementor-element elementor-element-41a7ea9d elementor-section-stretched elementor-section-boxed elementor-section-height-default elementor-section-height-default\" data-id=\"41a7ea9d\" data-element_type=\"section\" data-settings=\"{&quot;background_background&quot;:&quot;classic&quot;,&quot;stretch_section&quot;:&quot;section-stretched&quot;}\">\n\t\t\t\t\t\t<div class=\"elementor-container elementor-column-gap-default\">\n\t\t\t\t\t<div class=\"elementor-column elementor-col-100 elementor-top-column elementor-element elementor-element-204ad8f9\" data-id=\"204ad8f9\" data-element_type=\"column\">\n\t\t\t<div class=\"elementor-widget-wrap elementor-element-populated\">\n\t\t\t\t\t\t<section class=\"elementor-section elementor-inner-section elementor-element elementor-element-ef6d6ab elementor-section-boxed elementor-section-height-default elementor-section-height-default\" data-id=\"ef6d6ab\" data-element_type=\"section\" data-settings=\"{&quot;background_background&quot;:&quot;classic&quot;}\">\n\t\t\t\t\t\t<div class=\"elementor-container elementor-column-gap-default\">\n\t\t\t\t\t<div class=\"elementor-column elementor-col-100 elementor-inner-column elementor-element elementor-element-f15c254\" data-id=\"f15c254\" data-element_type=\"column\">\n\t\t\t<div class=\"elementor-widget-wrap elementor-element-populated\">\n\t\t\t\t\t\t<div class=\"elementor-element elementor-element-e9eb311 elementor-widget elementor-widget-heading\" data-id=\"e9eb311\" data-element_type=\"widget\" data-widget_type=\"heading.default\">\n\t\t\t\t<div class=\"elementor-widget-container\">\n\t\t\t\t\t<h2 class=\"elementor-heading-title elementor-size-xl\">Perch\u00e8 dovresti acquistare il libro<\/h2>\t\t\t\t<\/div>\n\t\t\t\t<\/div>\n\t\t\t\t<div class=\"elementor-element elementor-element-b524566 elementor-widget elementor-widget-text-editor\" data-id=\"b524566\" data-element_type=\"widget\" data-widget_type=\"text-editor.default\">\n\t\t\t\t<div class=\"elementor-widget-container\">\n\t\t\t\t\t\t\t\t\t<p class=\"p1\"><span class=\"s1\"><b>Si pu\u00f2 guarire riguadagnando la propria salute psicologica.<\/b> E\u2019 necessaria una certa confidenza con il proprio modo di pensare. Non il vecchio conoscersi, ma piuttosto un <i>vedersi<\/i>. Allora pu\u00f2 iniziare una <i>cura di s\u00e9<\/i>, una <i>auto terapia<\/i>, perch\u00e9 l\u2019ansia \u00e8 pi\u00f9 nella vita che nella testa. C\u2019\u00e8 un corpo-mente che soffre con l\u2019ansia: una progressiva usura che diverr\u00e0 cronica nella misura in cui sar\u00e0 trascurata. Se l\u2019ansia nevrotica \u00e8 nel modo di vivere, la guarigione richiede un modo di vivere differente. Un cambiamento attento a non rispondere alle paure ansiose con modi compulsivi. <b>La nuova condotta assunta alimenta e incoragger\u00e0 un diverso modo di rispondere alle paure mal poste dell\u2019ansia e il processo diventa cos\u00ec curativo e risolutivo.<\/b><\/span><\/p><p class=\"p1\"><span class=\"s1\"><b>Questo \u00e8 il centro dell\u2019auto terapia che \u00e8 esposta, attraverso le tappe della lettura di questo libro<\/b>, con un linguaggio che nasce nella nostra vita di tutti i giorni, la quale richiede, insieme a tante cure di s\u00e9, oggi diffuse, una particolare, costante cura di s\u00e9 psicologica. Non c\u2019\u00e8 normalit\u00e0 o anormalit\u00e0 nel disagio psicologico. La sofferenza psicologica non \u00e8 quindi un male oscuro, perch\u00e9 balza agli occhi tanto da poter descrivere, come avviene nel libro, differenti <i>stili nevrotici<\/i>. Il sintomo dell\u2019ansia nevrotica non nasconde tanto traumi infantili quanto quelli degli urti e degli ostacoli che la vita propone. Sono necessari degli ammortizzatori esperti in <i>intelligenza emotiva<\/i> che apprendano e si correggano secondo le difficolt\u00e0 del terreno esistenziale che, via via, incontrano. L\u2019auto terapia \u00e8 nuova dimestichezza verso il proprio modo di pensare. E\u2019 necessario superare il ruminante <i>perch\u00e9 penso a questo<\/i> <i>o<\/i> <i>a quello <\/i>con l\u2019osservabile\u2026<i>come penso<\/i>? Analizzare il proprio modo di pensare non \u00e8 produrre sterili sensi di colpa, ma nuove azioni che appianino il futuro: nuove armonie, l\u00e0 dove il pensiero ansioso ritorto porta inutilmente a cozzare compulsivamente con la realt\u00e0.\u00a0<\/span><\/p><p class=\"p1\"><span class=\"s1\"><b>La mente ansiosa si fa oscura perch\u00e9 immagina sempre il negativo <\/b>che non sapr\u00e0 affrontare. Allora, l\u2019ansia precede i fatti ma intanto soffoca.\u00a0<\/span><\/p><p class=\"p1\"><span class=\"s1\"><b>Bisogna imparare a dipanare questa immaginazione terrorizzata rintracciando il bandolo della matassa di quei comportamenti<\/b> che la condizione ansiosa impone promettendo libert\u00e0 l\u00e0 dove determina prigionia.\u00a0<\/span><\/p><p class=\"p1\"><span class=\"s1\"><b>C\u2019\u00e8 poi l\u2019ansia degli altri che richiede tecniche di contenimento per ripararsene.<\/b> Pensare bene non ha la pretesa di voler entrare nelle valutazioni di quello che \u00e8<span class=\"Apple-converted-space\">\u00a0 <\/span>giusto o sbagliato, quanto di poter svolgere e approcciare un proponimento e quindi un atto, davanti a una scelta di vita, senza le pressioni logoranti dell\u2019ansia che, mentre suggerisce malamente come evitare il negativo immaginato possibile, a cui ogni scelta umana inevitabilmente<span class=\"Apple-converted-space\">\u00a0 <\/span>espone, porta<span class=\"Apple-converted-space\">\u00a0 <\/span>solo a vivere molto male e a rischiare che la scelta che si effettuer\u00e0, invece di essere nel merito del problema, sia frutto dell\u2019ansia.<\/span><\/p><p class=\"p1\"><span class=\"s1\">\u00a0<\/span><\/p>\t\t\t\t\t\t\t\t<\/div>\n\t\t\t\t<\/div>\n\t\t\t\t\t<\/div>\n\t\t<\/div>\n\t\t\t\t\t<\/div>\n\t\t<\/section>\n\t\t\t\t\t<\/div>\n\t\t<\/div>\n\t\t\t\t\t<\/div>\n\t\t<\/section>\n\t\t\t\t<\/div>\n\t\t","protected":false},"excerpt":{"rendered":"<p>DOTTORE, GUARISCO PERCHE\u0301 LA VEDO IN ANSIA Le mie 60.000 ore di fronte all&#8217;ansia nevrotica Tutti soffrono d\u2019ansia uguale nessuno soffre d\u2019ansia? Il malessere psicologico pi\u00f9 diffuso \u00e8 oggi trascurato e resta ingombrante nella vita della persona che ne \u00e8 afflitta, come un fardello molto provante, accettato per lo pi\u00f9, poco conosciuto, poco oggetto di [&hellip;]<\/p>\n","protected":false},"author":1,"featured_media":0,"parent":0,"menu_order":0,"comment_status":"closed","ping_status":"closed","template":"","meta":{"footnotes":""},"class_list":["post-5","page","type-page","status-publish","hentry"],"_links":{"self":[{"href":"https:\/\/robertomelloni.it\/index.php\/wp-json\/wp\/v2\/pages\/5","targetHints":{"allow":["GET"]}}],"collection":[{"href":"https:\/\/robertomelloni.it\/index.php\/wp-json\/wp\/v2\/pages"}],"about":[{"href":"https:\/\/robertomelloni.it\/index.php\/wp-json\/wp\/v2\/types\/page"}],"author":[{"embeddable":true,"href":"https:\/\/robertomelloni.it\/index.php\/wp-json\/wp\/v2\/users\/1"}],"replies":[{"embeddable":true,"href":"https:\/\/robertomelloni.it\/index.php\/wp-json\/wp\/v2\/comments?post=5"}],"version-history":[{"count":52,"href":"https:\/\/robertomelloni.it\/index.php\/wp-json\/wp\/v2\/pages\/5\/revisions"}],"predecessor-version":[{"id":189,"href":"https:\/\/robertomelloni.it\/index.php\/wp-json\/wp\/v2\/pages\/5\/revisions\/189"}],"wp:attachment":[{"href":"https:\/\/robertomelloni.it\/index.php\/wp-json\/wp\/v2\/media?parent=5"}],"curies":[{"name":"wp","href":"https:\/\/api.w.org\/{rel}","templated":true}]}}