{"id":142,"date":"2025-01-30T13:40:48","date_gmt":"2025-01-30T13:40:48","guid":{"rendered":"https:\/\/robertomelloni.it\/?page_id=142"},"modified":"2025-02-02T15:38:27","modified_gmt":"2025-02-02T15:38:27","slug":"prima-che-i-fiori-di-plastica-appassiscano","status":"publish","type":"page","link":"https:\/\/robertomelloni.it\/index.php\/prima-che-i-fiori-di-plastica-appassiscano\/","title":{"rendered":"Prima Che i Fiori Di Plastica Appassiscano"},"content":{"rendered":"\t\t<div data-elementor-type=\"wp-post\" data-elementor-id=\"142\" class=\"elementor elementor-142\">\n\t\t\t\t\t\t<section class=\"elementor-section elementor-top-section elementor-element elementor-element-5a563c32 elementor-section-stretched elementor-section-boxed elementor-section-height-default elementor-section-height-default\" data-id=\"5a563c32\" data-element_type=\"section\" data-settings=\"{&quot;background_background&quot;:&quot;classic&quot;,&quot;stretch_section&quot;:&quot;section-stretched&quot;}\">\n\t\t\t\t\t\t<div class=\"elementor-container elementor-column-gap-default\">\n\t\t\t\t\t<div class=\"elementor-column elementor-col-100 elementor-top-column elementor-element elementor-element-4193d58\" data-id=\"4193d58\" data-element_type=\"column\">\n\t\t\t<div class=\"elementor-widget-wrap elementor-element-populated\">\n\t\t\t\t\t\t<div class=\"elementor-element elementor-element-2b0cf1ba elementor-widget elementor-widget-heading\" data-id=\"2b0cf1ba\" data-element_type=\"widget\" data-widget_type=\"heading.default\">\n\t\t\t\t<div class=\"elementor-widget-container\">\n\t\t\t\t\t<h2 class=\"elementor-heading-title elementor-size-xl\">PRIMA CHE I FIORI DI PLASTICA APPASSISCANO<\/h2>\t\t\t\t<\/div>\n\t\t\t\t<\/div>\n\t\t\t\t<div class=\"elementor-element elementor-element-85498b0 elementor-widget elementor-widget-heading\" data-id=\"85498b0\" data-element_type=\"widget\" data-widget_type=\"heading.default\">\n\t\t\t\t<div class=\"elementor-widget-container\">\n\t\t\t\t\t<h2 class=\"elementor-heading-title elementor-size-default\">Note sul Mutamento del cambiamento<\/h2>\t\t\t\t<\/div>\n\t\t\t\t<\/div>\n\t\t\t\t<section class=\"elementor-section elementor-inner-section elementor-element elementor-element-c0aeae1 elementor-section-boxed elementor-section-height-default elementor-section-height-default\" data-id=\"c0aeae1\" data-element_type=\"section\">\n\t\t\t\t\t\t<div class=\"elementor-container elementor-column-gap-default\">\n\t\t\t\t\t<div class=\"elementor-column elementor-col-50 elementor-inner-column elementor-element elementor-element-49e273d\" data-id=\"49e273d\" data-element_type=\"column\">\n\t\t\t<div class=\"elementor-widget-wrap elementor-element-populated\">\n\t\t\t\t\t\t<div class=\"elementor-element elementor-element-19f9323 elementor-widget__width-initial elementor-widget elementor-widget-image\" data-id=\"19f9323\" data-element_type=\"widget\" data-widget_type=\"image.default\">\n\t\t\t\t<div class=\"elementor-widget-container\">\n\t\t\t\t\t\t\t\t\t\t\t\t\t\t\t<img decoding=\"async\" src=\"https:\/\/robertomelloni.it\/wp-content\/uploads\/elementor\/thumbs\/Copertina-r0x4j1nh1z5ovujrsjbrl4o56em04xqzqrcijdil5g.jpg\" title=\"Copertina\" alt=\"Copertina\" loading=\"lazy\" \/>\t\t\t\t\t\t\t\t\t\t\t\t\t\t\t<\/div>\n\t\t\t\t<\/div>\n\t\t\t\t\t<\/div>\n\t\t<\/div>\n\t\t\t\t<div class=\"elementor-column elementor-col-50 elementor-inner-column elementor-element elementor-element-ad0c0f2\" data-id=\"ad0c0f2\" data-element_type=\"column\">\n\t\t\t<div class=\"elementor-widget-wrap elementor-element-populated\">\n\t\t\t\t\t\t<div class=\"elementor-element elementor-element-8db5935 elementor-widget elementor-widget-text-editor\" data-id=\"8db5935\" data-element_type=\"widget\" data-widget_type=\"text-editor.default\">\n\t\t\t\t<div class=\"elementor-widget-container\">\n\t\t\t\t\t\t\t\t\t<p>Il libro ha come centrale il tema del cambiamento umano. Una questione quanto mai urgente nel contemporaneo. Sulla base delle pi\u00f9 recenti delusioni il testo si pone alla ricerca di una nuova chiave perch\u00e9 cambi il concetto stesso di cambiamento. Dal mito ingannevole della forza di volont\u00e0 onnipotente al dominio della razionalit\u00e0,\u00a0<em>passepartout<\/em>\u00a0per la soluzione di ogni problema, nulla pare ormai convincere che sia possibile un cambiamento culturale radicale, attraverso principalmente una intenzione educativa che attrezzi nuovi sguardi sul mondo, rivisitando il quadro di certezze che finora la scienza ha offerto e accogliendo\u00a0<em>l\u2019incertezza<\/em>\u00a0come via per riscriverne le leggi. La fisica quantistica traccia il disegno prospettico di complementarit\u00e0 tra le scienze. Le considerazioni sviluppate nel testo si avvalgono dei suoi principi, che mettono in luce\u00a0<em>le traiettorie incerte<\/em>\u00a0delle particelle molecolari. Si pu\u00f2 allora considerare che gli stessi movimenti messi a fuoco dalla F.Q. siano simili alle nostre procedure intellettive-emotive e comportamentali. In questo senso\u00a0<em>l\u2019incertezza<\/em>\u00a0libera e guida nuove e possibili vie esistenziali per un cambiamento del cambiamento stesso.<\/p>\t\t\t\t\t\t\t\t<\/div>\n\t\t\t\t<\/div>\n\t\t\t\t\t<\/div>\n\t\t<\/div>\n\t\t\t\t\t<\/div>\n\t\t<\/section>\n\t\t\t\t<section class=\"elementor-section elementor-inner-section elementor-element elementor-element-4087b3fb elementor-section-boxed elementor-section-height-default elementor-section-height-default\" data-id=\"4087b3fb\" data-element_type=\"section\">\n\t\t\t\t\t\t<div class=\"elementor-container elementor-column-gap-default\">\n\t\t\t\t\t<div class=\"elementor-column elementor-col-50 elementor-inner-column elementor-element elementor-element-26cbdd4e\" data-id=\"26cbdd4e\" data-element_type=\"column\">\n\t\t\t<div class=\"elementor-widget-wrap elementor-element-populated\">\n\t\t\t\t\t\t<div class=\"elementor-element elementor-element-4449b4e9 elementor-mobile-align-center elementor-align-right elementor-widget elementor-widget-button\" data-id=\"4449b4e9\" data-element_type=\"widget\" data-widget_type=\"button.default\">\n\t\t\t\t<div class=\"elementor-widget-container\">\n\t\t\t\t\t\t\t\t\t<div class=\"elementor-button-wrapper\">\n\t\t\t\t\t<a class=\"elementor-button elementor-button-link elementor-size-lg\" href=\"https:\/\/www.edizioniets.com\/priv_file_libro\/5145.pdf\" target=\"_blank\" rel=\"nofollow\">\n\t\t\t\t\t\t<span class=\"elementor-button-content-wrapper\">\n\t\t\t\t\t\t\t\t\t<span class=\"elementor-button-text\">Anteprima Libro<\/span>\n\t\t\t\t\t<\/span>\n\t\t\t\t\t<\/a>\n\t\t\t\t<\/div>\n\t\t\t\t\t\t\t\t<\/div>\n\t\t\t\t<\/div>\n\t\t\t\t\t<\/div>\n\t\t<\/div>\n\t\t\t\t<div class=\"elementor-column elementor-col-50 elementor-inner-column elementor-element elementor-element-af5b0ff\" data-id=\"af5b0ff\" data-element_type=\"column\">\n\t\t\t<div class=\"elementor-widget-wrap elementor-element-populated\">\n\t\t\t\t\t\t<div class=\"elementor-element elementor-element-0748b60 elementor-mobile-align-center elementor-widget elementor-widget-button\" data-id=\"0748b60\" data-element_type=\"widget\" data-widget_type=\"button.default\">\n\t\t\t\t<div class=\"elementor-widget-container\">\n\t\t\t\t\t\t\t\t\t<div class=\"elementor-button-wrapper\">\n\t\t\t\t\t<a class=\"elementor-button elementor-button-link elementor-size-lg\" href=\"mailto:info@robertomelloni.it\">\n\t\t\t\t\t\t<span class=\"elementor-button-content-wrapper\">\n\t\t\t\t\t\t\t\t\t<span class=\"elementor-button-text\">Contattami<\/span>\n\t\t\t\t\t<\/span>\n\t\t\t\t\t<\/a>\n\t\t\t\t<\/div>\n\t\t\t\t\t\t\t\t<\/div>\n\t\t\t\t<\/div>\n\t\t\t\t\t<\/div>\n\t\t<\/div>\n\t\t\t\t\t<\/div>\n\t\t<\/section>\n\t\t\t\t<section class=\"elementor-section elementor-inner-section elementor-element elementor-element-1afc26e elementor-section-boxed elementor-section-height-default elementor-section-height-default\" data-id=\"1afc26e\" data-element_type=\"section\">\n\t\t\t\t\t\t<div class=\"elementor-container elementor-column-gap-default\">\n\t\t\t\t\t<div class=\"elementor-column elementor-col-100 elementor-inner-column elementor-element elementor-element-5735311\" data-id=\"5735311\" data-element_type=\"column\">\n\t\t\t<div class=\"elementor-widget-wrap elementor-element-populated\">\n\t\t\t\t\t\t<div class=\"elementor-element elementor-element-0a4e259 elementor-align-center elementor-mobile-align-center elementor-widget elementor-widget-button\" data-id=\"0a4e259\" data-element_type=\"widget\" data-widget_type=\"button.default\">\n\t\t\t\t<div class=\"elementor-widget-container\">\n\t\t\t\t\t\t\t\t\t<div class=\"elementor-button-wrapper\">\n\t\t\t\t\t<a class=\"elementor-button elementor-button-link elementor-size-lg\" href=\"https:\/\/www.edizioniets.com\/scheda.asp?n=9788846768247\">\n\t\t\t\t\t\t<span class=\"elementor-button-content-wrapper\">\n\t\t\t\t\t\t\t\t\t<span class=\"elementor-button-text\">Acquista il libro<\/span>\n\t\t\t\t\t<\/span>\n\t\t\t\t\t<\/a>\n\t\t\t\t<\/div>\n\t\t\t\t\t\t\t\t<\/div>\n\t\t\t\t<\/div>\n\t\t\t\t\t<\/div>\n\t\t<\/div>\n\t\t\t\t\t<\/div>\n\t\t<\/section>\n\t\t\t\t\t<\/div>\n\t\t<\/div>\n\t\t\t\t\t<\/div>\n\t\t<\/section>\n\t\t\t\t<section class=\"elementor-section elementor-top-section elementor-element elementor-element-1d7fc1c elementor-section-boxed elementor-section-height-default elementor-section-height-default\" data-id=\"1d7fc1c\" data-element_type=\"section\">\n\t\t\t\t\t\t<div class=\"elementor-container elementor-column-gap-default\">\n\t\t\t\t\t<div class=\"elementor-column elementor-col-100 elementor-top-column elementor-element elementor-element-030d235\" data-id=\"030d235\" data-element_type=\"column\">\n\t\t\t<div class=\"elementor-widget-wrap\">\n\t\t\t\t\t\t\t<\/div>\n\t\t<\/div>\n\t\t\t\t\t<\/div>\n\t\t<\/section>\n\t\t\t\t<\/div>\n\t\t","protected":false},"excerpt":{"rendered":"<p>PRIMA CHE I FIORI DI PLASTICA APPASSISCANO Note sul Mutamento del cambiamento Il libro ha come centrale il tema del cambiamento umano. Una questione quanto mai urgente nel contemporaneo. Sulla base delle pi\u00f9 recenti delusioni il testo si pone alla ricerca di una nuova chiave perch\u00e9 cambi il concetto stesso di cambiamento. Dal mito ingannevole [&hellip;]<\/p>\n","protected":false},"author":1,"featured_media":0,"parent":0,"menu_order":0,"comment_status":"closed","ping_status":"closed","template":"","meta":{"footnotes":""},"class_list":["post-142","page","type-page","status-publish","hentry"],"_links":{"self":[{"href":"https:\/\/robertomelloni.it\/index.php\/wp-json\/wp\/v2\/pages\/142","targetHints":{"allow":["GET"]}}],"collection":[{"href":"https:\/\/robertomelloni.it\/index.php\/wp-json\/wp\/v2\/pages"}],"about":[{"href":"https:\/\/robertomelloni.it\/index.php\/wp-json\/wp\/v2\/types\/page"}],"author":[{"embeddable":true,"href":"https:\/\/robertomelloni.it\/index.php\/wp-json\/wp\/v2\/users\/1"}],"replies":[{"embeddable":true,"href":"https:\/\/robertomelloni.it\/index.php\/wp-json\/wp\/v2\/comments?post=142"}],"version-history":[{"count":7,"href":"https:\/\/robertomelloni.it\/index.php\/wp-json\/wp\/v2\/pages\/142\/revisions"}],"predecessor-version":[{"id":179,"href":"https:\/\/robertomelloni.it\/index.php\/wp-json\/wp\/v2\/pages\/142\/revisions\/179"}],"wp:attachment":[{"href":"https:\/\/robertomelloni.it\/index.php\/wp-json\/wp\/v2\/media?parent=142"}],"curies":[{"name":"wp","href":"https:\/\/api.w.org\/{rel}","templated":true}]}}