{"id":139,"date":"2025-01-30T13:17:36","date_gmt":"2025-01-30T13:17:36","guid":{"rendered":"https:\/\/robertomelloni.it\/?page_id=139"},"modified":"2025-02-09T14:36:02","modified_gmt":"2025-02-09T14:36:02","slug":"homepage","status":"publish","type":"page","link":"https:\/\/robertomelloni.it\/index.php\/homepage\/","title":{"rendered":"Altre Pubblicazioni"},"content":{"rendered":"\t\t<div data-elementor-type=\"wp-post\" data-elementor-id=\"139\" class=\"elementor elementor-139\">\n\t\t\t\t\t\t<section class=\"elementor-section elementor-top-section elementor-element elementor-element-5a563c32 elementor-section-stretched elementor-section-boxed elementor-section-height-default elementor-section-height-default\" data-id=\"5a563c32\" data-element_type=\"section\" data-settings=\"{&quot;background_background&quot;:&quot;classic&quot;,&quot;stretch_section&quot;:&quot;section-stretched&quot;}\">\n\t\t\t\t\t\t<div class=\"elementor-container elementor-column-gap-default\">\n\t\t\t\t\t<div class=\"elementor-column elementor-col-100 elementor-top-column elementor-element elementor-element-4193d58\" data-id=\"4193d58\" data-element_type=\"column\">\n\t\t\t<div class=\"elementor-widget-wrap elementor-element-populated\">\n\t\t\t\t\t\t<div class=\"elementor-element elementor-element-2b0cf1ba elementor-widget elementor-widget-heading\" data-id=\"2b0cf1ba\" data-element_type=\"widget\" data-widget_type=\"heading.default\">\n\t\t\t\t<div class=\"elementor-widget-container\">\n\t\t\t\t\t<h2 class=\"elementor-heading-title elementor-size-xl\">ALTRE PUBBLICAZIONI<\/h2>\t\t\t\t<\/div>\n\t\t\t\t<\/div>\n\t\t\t\t\t<\/div>\n\t\t<\/div>\n\t\t\t\t\t<\/div>\n\t\t<\/section>\n\t\t\t\t<section class=\"elementor-section elementor-top-section elementor-element elementor-element-41a7ea9d elementor-section-stretched elementor-section-boxed elementor-section-height-default elementor-section-height-default\" data-id=\"41a7ea9d\" data-element_type=\"section\" data-settings=\"{&quot;background_background&quot;:&quot;classic&quot;,&quot;stretch_section&quot;:&quot;section-stretched&quot;}\">\n\t\t\t\t\t\t<div class=\"elementor-container elementor-column-gap-default\">\n\t\t\t\t\t<div class=\"elementor-column elementor-col-100 elementor-top-column elementor-element elementor-element-204ad8f9\" data-id=\"204ad8f9\" data-element_type=\"column\">\n\t\t\t<div class=\"elementor-widget-wrap elementor-element-populated\">\n\t\t\t\t\t\t<section class=\"elementor-section elementor-inner-section elementor-element elementor-element-1a38414 elementor-section-boxed elementor-section-height-default elementor-section-height-default\" data-id=\"1a38414\" data-element_type=\"section\" data-settings=\"{&quot;background_background&quot;:&quot;classic&quot;}\">\n\t\t\t\t\t\t<div class=\"elementor-container elementor-column-gap-default\">\n\t\t\t\t\t<div class=\"elementor-column elementor-col-100 elementor-inner-column elementor-element elementor-element-f0f6ae7\" data-id=\"f0f6ae7\" data-element_type=\"column\">\n\t\t\t<div class=\"elementor-widget-wrap elementor-element-populated\">\n\t\t\t\t\t\t<div class=\"elementor-element elementor-element-c706c05 elementor-widget elementor-widget-heading\" data-id=\"c706c05\" data-element_type=\"widget\" data-widget_type=\"heading.default\">\n\t\t\t\t<div class=\"elementor-widget-container\">\n\t\t\t\t\t<h2 class=\"elementor-heading-title elementor-size-medium\">Estratto di una lettura di un saggio di Merleu-Ponty.<\/h2>\t\t\t\t<\/div>\n\t\t\t\t<\/div>\n\t\t\t\t<div class=\"elementor-element elementor-element-dec68fd elementor-widget elementor-widget-text-editor\" data-id=\"dec68fd\" data-element_type=\"widget\" data-widget_type=\"text-editor.default\">\n\t\t\t\t<div class=\"elementor-widget-container\">\n\t\t\t\t\t\t\t\t\t<p>Fino a un passato piuttosto recente i fatti psichici o fatti mentali, come si preferisce, potevano essere direttamente conosciuti o vissuti unicamente dal di dentro e cos\u00ec constatabili, constatati da parte di chi li provava. L\u2019ansia, per esempio, oltre i segni corporei, la psicologia classica l\u2019approcciava per introspezione o cercando l\u2019autosservazione o la narrazione interiore. L\u2019introspezione oggi, vedo, che non porta a nulla di risolutivo, dal punto di vista psicoterapeutico. L\u2019amore come palpitazione o angoscia, anch\u2019esso, analizzato cos\u00ec, non diventa che un turbamento banale. Se invece un\u2019emozione posso osservarla come modificazione dei miei rapporti con gli altri e con il mondo, e a pensare quella eccitazione come leggo quella di un\u2019altra persona, di cui mi capita di essere testimone, allora entro in una altra dimensione comprensiva. Pensiamo ai bambini che comprendono e aderiscono al senso delle condotte altrui molto prima di comprenderlo. L\u2019ansia, cos\u00ec come la vergogna, l\u2019odio o l\u2019amore non sono fatti psichici accessibili a un solo testimone, colui che li prova.\u00a0 Non sono nascosti nel pi\u00f9 profondo della coscienza, ma sono visibili dal di fuori. Sono su quel volto o nei\u00a0 gesti. Questo ci convince di non poter dividere corpo e coscienza. Fare psicologia dell\u2019ansia significa fissare il senso dell\u2019ansia, cio\u00e8 chiedersi quale ne sia la funzione in una vita umana, e, in qualche modo, a cosa serva. Si scopre cos\u00ec che un\u2019emozione patologica \u00e8, come dice Janet, una reazione di disorganizzazione che interviene quando ci accorgiamo di essere in un vicolo cieco, o, nel caso che dall\u2019ansia si passi alla compulsione, quest\u2019ultima \u00e8 una condotta magica con la quale cerchiamo un\u2019efficacia simbolica per gestire quello che abbiamo immaginato ansiosamente. L\u2019emozione \u00e8 certamente un fatto psichico interno ma pu\u00f2 essere vista, anche, prevalentemente come una variazione del nostro rapporto con gli altri e colta interpretando il senso di questa variazione messa in evidenza da un comportamento.<\/p><p>La scienza del comportamento e della nostra capacit\u00e0 di leggere il comportamento altrui pu\u00f2 essere estesa fino a giungere a capire dell\u2019altro, o di noi stessi, la maniera di essere nel mondo. Si potrebbe cos\u00ec sottolineare come il corpo e l\u2019anima umana sono solo aspetti dell\u2019essere nel mondo cos\u00ec come il linguaggio ne \u00e8 l\u2019incarnazione. Non siamo quindi un intelletto che costruisce il mondo, ma esseri che sono messi (gettati) nel mondo costituendo con esso un vincolo naturale. La psicologia ha sovente sostituito con l\u2019intelligenza analitica e i suoi prodotti il mondo vissuto, costruendo, cos\u00ec, del mondo una astrazione pur scientifica.<\/p><p>Il senso di una persona \u00e8 incorporato nella sua relazione con il mondo e con gli altri.<\/p><p>In questo senso ognuno non \u00e8 altro che se stesso coesistendo, a suo modo, alle contraddizioni della sua natura umana: necessit\u00e0 e spirito che diventano significato vitale. Se ci seguissimo come in un film seguiremmo comportamenti e condotte, pi\u00f9 che pensieri. Attraverso i comportamenti trattiamo le cose e gli altri e questi rendono visibili ed evidenziano la persona.<\/p><p>Questa psicologia non ci presenta i fatti mentali ma una coscienza che opera nel mondo, sottomessa allo sguardo degli altri apprendendo, timorosamente, dagli altri quello che \u00e9. Il paradosso di cui si occupano le psicologie e le filosofie esistenziali \u00e8 questa sconnessione o inerenza dell\u2019io con il mondo. Far vedere invece che spiegare le concatenazioni dei fatti mentali del soggetto, descriverne il mescolarsi della coscienza con il mondo coesistendo con le altre.<\/p><p>Vedere una certa generazione nel mondo.<\/p>\t\t\t\t\t\t\t\t<\/div>\n\t\t\t\t<\/div>\n\t\t\t\t<div class=\"elementor-element elementor-element-46eb62b elementor-widget elementor-widget-video\" data-id=\"46eb62b\" data-element_type=\"widget\" data-settings=\"{&quot;youtube_url&quot;:&quot;https:\\\/\\\/www.youtube.com\\\/watch?v=n3yDvR_LR5c&quot;,&quot;video_type&quot;:&quot;youtube&quot;,&quot;controls&quot;:&quot;yes&quot;}\" data-widget_type=\"video.default\">\n\t\t\t\t<div class=\"elementor-widget-container\">\n\t\t\t\t\t\t\t<div class=\"elementor-wrapper elementor-open-inline\">\n\t\t\t<div class=\"elementor-video\"><\/div>\t\t<\/div>\n\t\t\t\t\t\t<\/div>\n\t\t\t\t<\/div>\n\t\t\t\t\t<\/div>\n\t\t<\/div>\n\t\t\t\t\t<\/div>\n\t\t<\/section>\n\t\t\t\t<div class=\"elementor-element elementor-element-1aa0dfa elementor-widget elementor-widget-text-editor\" data-id=\"1aa0dfa\" data-element_type=\"widget\" data-widget_type=\"text-editor.default\">\n\t\t\t\t<div class=\"elementor-widget-container\">\n\t\t\t\t\t\t\t\t\t<p>Libro Citato su:\u00a0<\/p><p>Phenomenology Lab:\u00a0<a style=\"background-color: rgba(255, 255, 255, 0); font-size: 16.0016px;\" href=\"https:\/\/www.phenomenologylab.eu\/index.php\/2019\/07\/a-proposito-di-psicopatologia-fenomenologica\/\" target=\"_blank\" rel=\"noopener\">https:\/\/www.phenomenologylab.eu\/index.php\/2019\/07\/a-proposito-di-psicopatologia-fenomenologica\/<\/a><\/p><p>&#8211; Articolo su Pedagogika.it Anno 2019 N. 23\/2 (<a href=\"https:\/\/robertomelloni.it\/wp-content\/uploads\/2021\/02\/RECENSIONE-PEDAGOGIKA_0-1024x482.pdf\" target=\"_blank\" rel=\"noopener\">Scarica<\/a>)<\/p>\t\t\t\t\t\t\t\t<\/div>\n\t\t\t\t<\/div>\n\t\t\t\t<div class=\"elementor-element elementor-element-a0e7642 elementor-widget elementor-widget-image\" data-id=\"a0e7642\" data-element_type=\"widget\" data-widget_type=\"image.default\">\n\t\t\t\t<div class=\"elementor-widget-container\">\n\t\t\t\t\t\t\t\t\t\t\t\t\t\t\t<img fetchpriority=\"high\" decoding=\"async\" width=\"212\" height=\"300\" src=\"https:\/\/robertomelloni.it\/wp-content\/uploads\/2019\/07\/RECENSIONE-PEDAGOGIKA_page-0001-212x300.jpg\" class=\"attachment-medium size-medium wp-image-97\" alt=\"\" srcset=\"https:\/\/robertomelloni.it\/wp-content\/uploads\/2019\/07\/RECENSIONE-PEDAGOGIKA_page-0001-212x300.jpg 212w, https:\/\/robertomelloni.it\/wp-content\/uploads\/2019\/07\/RECENSIONE-PEDAGOGIKA_page-0001-544x768.jpg 544w, https:\/\/robertomelloni.it\/wp-content\/uploads\/2019\/07\/RECENSIONE-PEDAGOGIKA_page-0001-725x1024.jpg 725w, https:\/\/robertomelloni.it\/wp-content\/uploads\/2019\/07\/RECENSIONE-PEDAGOGIKA_page-0001.jpg 1004w\" sizes=\"(max-width: 212px) 100vw, 212px\" \/>\t\t\t\t\t\t\t\t\t\t\t\t\t\t\t<\/div>\n\t\t\t\t<\/div>\n\t\t\t\t<div class=\"elementor-element elementor-element-5920b15 elementor-widget elementor-widget-text-editor\" data-id=\"5920b15\" data-element_type=\"widget\" data-widget_type=\"text-editor.default\">\n\t\t\t\t<div class=\"elementor-widget-container\">\n\t\t\t\t\t\t\t\t\t<p><span style=\"font-size: 16.0016px; background-color: rgba(255, 255, 255, 0);\"><br \/>&#8211; Articolo su Pedagogika.it Anno 2020 N. 24\/4 (<\/span><a href=\"https:\/\/robertomelloni.it\/wp-content\/uploads\/2021\/02\/Articolo_MelloniR.pdf\" target=\"_blank\" rel=\"noopener\">Scarica<\/a><span style=\"font-size: 16.0016px; background-color: rgba(255, 255, 255, 0);\">)<\/span><\/p>\t\t\t\t\t\t\t\t<\/div>\n\t\t\t\t<\/div>\n\t\t\t\t<div class=\"elementor-element elementor-element-0d38de8 elementor-widget elementor-widget-image\" data-id=\"0d38de8\" data-element_type=\"widget\" data-widget_type=\"image.default\">\n\t\t\t\t<div class=\"elementor-widget-container\">\n\t\t\t\t\t\t\t\t\t\t\t\t\t\t\t<img decoding=\"async\" width=\"213\" height=\"300\" src=\"https:\/\/robertomelloni.it\/wp-content\/uploads\/2021\/02\/PEDAGOGIKA_XXIV_4_cover-213x300.jpg\" class=\"attachment-medium size-medium wp-image-109\" alt=\"\" srcset=\"https:\/\/robertomelloni.it\/wp-content\/uploads\/2021\/02\/PEDAGOGIKA_XXIV_4_cover-213x300.jpg 213w, https:\/\/robertomelloni.it\/wp-content\/uploads\/2021\/02\/PEDAGOGIKA_XXIV_4_cover.jpg 482w\" sizes=\"(max-width: 213px) 100vw, 213px\" \/>\t\t\t\t\t\t\t\t\t\t\t\t\t\t\t<\/div>\n\t\t\t\t<\/div>\n\t\t\t\t<div class=\"elementor-element elementor-element-9d6fe79 elementor-widget elementor-widget-text-editor\" data-id=\"9d6fe79\" data-element_type=\"widget\" data-widget_type=\"text-editor.default\">\n\t\t\t\t<div class=\"elementor-widget-container\">\n\t\t\t\t\t\t\t\t\t<p><span style=\"font-size: 16.0016px; background-color: rgba(255, 255, 255, 0);\"><br \/><\/span><span style=\"background-color: rgba(255, 255, 255, 0); font-size: 16.0016px;\">&#8211; Articolo sul Corriere della Sera (<\/span><a style=\"font-size: 16.0016px;\" href=\"https:\/\/robertomelloni.it\/wp-content\/uploads\/2021\/10\/ARTICOLO_CORSERA.pdf\" target=\"_blank\" rel=\"noopener\">Scarica<\/a><span style=\"background-color: rgba(255, 255, 255, 0); font-size: 16.0016px;\">)<\/span><span style=\"font-size: 16.0016px; background-color: rgba(255, 255, 255, 0);\"><br \/><\/span><\/p>\t\t\t\t\t\t\t\t<\/div>\n\t\t\t\t<\/div>\n\t\t\t\t<div class=\"elementor-element elementor-element-3789c39 elementor-widget elementor-widget-text-editor\" data-id=\"3789c39\" data-element_type=\"widget\" data-widget_type=\"text-editor.default\">\n\t\t\t\t<div class=\"elementor-widget-container\">\n\t\t\t\t\t\t\t\t\t<p><span style=\"background-color: rgba(255, 255, 255, 0); font-size: 16.0016px;\"><br \/>Webinar:\u00a0<\/span><span style=\"background-color: rgba(255, 255, 255, 0);\">Frattempo e cambiamento. Temi e tempi della contemporaneit\u00e0<\/span><\/p><p>25 febbraio 2021 \u2013 Ore 18.00-19.30<\/p><p><span style=\"background-color: rgba(255, 255, 255, 0); font-size: 16.0016px;\">Barbara Mapelli, pedagogista e saggista<br \/><\/span><span style=\"background-color: rgba(255, 255, 255, 0); font-size: 16.0016px;\">Roberto Melloni, psicologo e psicoterapeuta<br \/><\/span><span style=\"background-color: rgba(255, 255, 255, 0); font-size: 16.0016px;\">Introduce: Maria Piacente, direttrice Pedagogika.it<br \/><\/span><span style=\"background-color: rgba(255, 255, 255, 0); font-size: 16.0016px;\">Modera: Micaela Castiglioni, Universit\u00e0 Milano-Bicocca<\/span><\/p>\t\t\t\t\t\t\t\t<\/div>\n\t\t\t\t<\/div>\n\t\t\t\t<div class=\"elementor-element elementor-element-a02edf8 elementor-widget elementor-widget-video\" data-id=\"a02edf8\" data-element_type=\"widget\" data-settings=\"{&quot;youtube_url&quot;:&quot;https:\\\/\\\/www.youtube.com\\\/watch?v=FYfIRKVLUEg&quot;,&quot;video_type&quot;:&quot;youtube&quot;,&quot;controls&quot;:&quot;yes&quot;}\" data-widget_type=\"video.default\">\n\t\t\t\t<div class=\"elementor-widget-container\">\n\t\t\t\t\t\t\t<div class=\"elementor-wrapper elementor-open-inline\">\n\t\t\t<div class=\"elementor-video\"><\/div>\t\t<\/div>\n\t\t\t\t\t\t<\/div>\n\t\t\t\t<\/div>\n\t\t\t\t<div class=\"elementor-element elementor-element-0203b60 elementor-widget elementor-widget-text-editor\" data-id=\"0203b60\" data-element_type=\"widget\" data-widget_type=\"text-editor.default\">\n\t\t\t\t<div class=\"elementor-widget-container\">\n\t\t\t\t\t\t\t\t\t<p>\u00a0<\/p><p>Webinar: Pandemia, cambiamenti e sguardi letterari<\/p><p>gioved\u00ec 22 aprile 2021<span style=\"background-color: rgba(255, 255, 255, 0); font-size: 16.0016px;\">ore 18.00-19.30<\/span><\/p><p><span style=\"background-color: rgba(255, 255, 255, 0); font-size: 16.0016px;\">Roberto Melloni, psicologo e psicoterapeuta\u00a0<br \/><\/span><span style=\"background-color: rgba(255, 255, 255, 0); font-size: 16.0016px;\">Pierfilippo Pozzi, scrittore e Segretario Fondazione Don Gino Rigoldi<\/span><\/p>\t\t\t\t\t\t\t\t<\/div>\n\t\t\t\t<\/div>\n\t\t\t\t<div class=\"elementor-element elementor-element-3645df2 elementor-widget elementor-widget-video\" data-id=\"3645df2\" data-element_type=\"widget\" data-settings=\"{&quot;youtube_url&quot;:&quot;https:\\\/\\\/www.youtube.com\\\/watch?v=M2fLw5jI-4s&quot;,&quot;video_type&quot;:&quot;youtube&quot;,&quot;controls&quot;:&quot;yes&quot;}\" data-widget_type=\"video.default\">\n\t\t\t\t<div class=\"elementor-widget-container\">\n\t\t\t\t\t\t\t<div class=\"elementor-wrapper elementor-open-inline\">\n\t\t\t<div class=\"elementor-video\"><\/div>\t\t<\/div>\n\t\t\t\t\t\t<\/div>\n\t\t\t\t<\/div>\n\t\t\t\t<div class=\"elementor-element elementor-element-992b999 elementor-widget elementor-widget-heading\" data-id=\"992b999\" data-element_type=\"widget\" data-widget_type=\"heading.default\">\n\t\t\t\t<div class=\"elementor-widget-container\">\n\t\t\t\t\t<h2 class=\"elementor-heading-title elementor-size-default\"><br><p>Convegno: Elogio dell'incertezza<\/p><p>gioved\u00ec 22 settembre 2022&nbsp;<span>ore 17.00<\/span><\/p><p><span>Roberto Melloni, psicologo e psicoterapeuta&nbsp;<br><\/span><\/p><font><span>Salone dei concerti \"A. della Corte\", Villa Tesoriera, corso Francia, Torino<\/span><\/font><\/h2>\t\t\t\t<\/div>\n\t\t\t\t<\/div>\n\t\t\t\t<div class=\"elementor-element elementor-element-972d127 elementor-widget elementor-widget-image\" data-id=\"972d127\" data-element_type=\"widget\" data-widget_type=\"image.default\">\n\t\t\t\t<div class=\"elementor-widget-container\">\n\t\t\t\t\t\t\t\t\t\t\t\t\t\t\t<img decoding=\"async\" width=\"543\" height=\"768\" src=\"https:\/\/robertomelloni.it\/wp-content\/uploads\/2022\/10\/Elogio_Incertezza-543x768.jpg\" class=\"attachment-medium_large size-medium_large wp-image-127\" alt=\"\" srcset=\"https:\/\/robertomelloni.it\/wp-content\/uploads\/2022\/10\/Elogio_Incertezza-543x768.jpg 543w, https:\/\/robertomelloni.it\/wp-content\/uploads\/2022\/10\/Elogio_Incertezza-212x300.jpg 212w, https:\/\/robertomelloni.it\/wp-content\/uploads\/2022\/10\/Elogio_Incertezza-724x1024.jpg 724w, https:\/\/robertomelloni.it\/wp-content\/uploads\/2022\/10\/Elogio_Incertezza.jpg 1754w\" sizes=\"(max-width: 543px) 100vw, 543px\" \/>\t\t\t\t\t\t\t\t\t\t\t\t\t\t\t<\/div>\n\t\t\t\t<\/div>\n\t\t\t\t<div class=\"elementor-element elementor-element-2999dd8 elementor-widget-divider--view-line elementor-widget elementor-widget-divider\" data-id=\"2999dd8\" data-element_type=\"widget\" data-widget_type=\"divider.default\">\n\t\t\t\t<div class=\"elementor-widget-container\">\n\t\t\t\t\t\t\t<div class=\"elementor-divider\">\n\t\t\t<span class=\"elementor-divider-separator\">\n\t\t\t\t\t\t<\/span>\n\t\t<\/div>\n\t\t\t\t\t\t<\/div>\n\t\t\t\t<\/div>\n\t\t\t\t\t<\/div>\n\t\t<\/div>\n\t\t\t\t\t<\/div>\n\t\t<\/section>\n\t\t\t\t<section class=\"elementor-section elementor-top-section elementor-element elementor-element-ccf601c elementor-section-boxed elementor-section-height-default elementor-section-height-default\" data-id=\"ccf601c\" data-element_type=\"section\">\n\t\t\t\t\t\t<div class=\"elementor-container elementor-column-gap-default\">\n\t\t\t\t\t<div class=\"elementor-column elementor-col-100 elementor-top-column elementor-element elementor-element-eabc328\" data-id=\"eabc328\" data-element_type=\"column\">\n\t\t\t<div class=\"elementor-widget-wrap elementor-element-populated\">\n\t\t\t\t\t\t<div class=\"elementor-element elementor-element-7957a43 elementor-widget elementor-widget-video\" data-id=\"7957a43\" data-element_type=\"widget\" data-settings=\"{&quot;youtube_url&quot;:&quot;https:\\\/\\\/www.youtube.com\\\/watch?v=17eo0JFjjwo&quot;,&quot;video_type&quot;:&quot;youtube&quot;,&quot;controls&quot;:&quot;yes&quot;}\" data-widget_type=\"video.default\">\n\t\t\t\t<div class=\"elementor-widget-container\">\n\t\t\t\t\t\t\t<div class=\"elementor-wrapper elementor-open-inline\">\n\t\t\t<div class=\"elementor-video\"><\/div>\t\t<\/div>\n\t\t\t\t\t\t<\/div>\n\t\t\t\t<\/div>\n\t\t\t\t\t<\/div>\n\t\t<\/div>\n\t\t\t\t\t<\/div>\n\t\t<\/section>\n\t\t\t\t<\/div>\n\t\t","protected":false},"excerpt":{"rendered":"<p>ALTRE PUBBLICAZIONI Estratto di una lettura di un saggio di Merleu-Ponty. Fino a un passato piuttosto recente i fatti psichici o fatti mentali, come si preferisce, potevano essere direttamente conosciuti o vissuti unicamente dal di dentro e cos\u00ec constatabili, constatati da parte di chi li provava. L\u2019ansia, per esempio, oltre i segni corporei, la psicologia [&hellip;]<\/p>\n","protected":false},"author":1,"featured_media":0,"parent":0,"menu_order":0,"comment_status":"closed","ping_status":"closed","template":"","meta":{"footnotes":""},"class_list":["post-139","page","type-page","status-publish","hentry"],"_links":{"self":[{"href":"https:\/\/robertomelloni.it\/index.php\/wp-json\/wp\/v2\/pages\/139","targetHints":{"allow":["GET"]}}],"collection":[{"href":"https:\/\/robertomelloni.it\/index.php\/wp-json\/wp\/v2\/pages"}],"about":[{"href":"https:\/\/robertomelloni.it\/index.php\/wp-json\/wp\/v2\/types\/page"}],"author":[{"embeddable":true,"href":"https:\/\/robertomelloni.it\/index.php\/wp-json\/wp\/v2\/users\/1"}],"replies":[{"embeddable":true,"href":"https:\/\/robertomelloni.it\/index.php\/wp-json\/wp\/v2\/comments?post=139"}],"version-history":[{"count":10,"href":"https:\/\/robertomelloni.it\/index.php\/wp-json\/wp\/v2\/pages\/139\/revisions"}],"predecessor-version":[{"id":192,"href":"https:\/\/robertomelloni.it\/index.php\/wp-json\/wp\/v2\/pages\/139\/revisions\/192"}],"wp:attachment":[{"href":"https:\/\/robertomelloni.it\/index.php\/wp-json\/wp\/v2\/media?parent=139"}],"curies":[{"name":"wp","href":"https:\/\/api.w.org\/{rel}","templated":true}]}}